{"id":33,"date":"2025-08-15T10:24:58","date_gmt":"2025-08-15T10:24:58","guid":{"rendered":"https:\/\/mentapsicologia.com\/?page_id=33"},"modified":"2025-09-10T08:48:28","modified_gmt":"2025-09-10T08:48:28","slug":"contacto","status":"publish","type":"page","link":"https:\/\/mentapsicologia.com\/?page_id=33","title":{"rendered":"Contacto"},"content":{"rendered":"\n<div class=\"wp-block-columns alignfull is-layout-flex wp-container-core-columns-is-layout-28f84493 wp-block-columns-is-layout-flex\">\n<div class=\"wp-block-column is-layout-flow wp-block-column-is-layout-flow\">\n<div style=\"width: 100%\">\n  <iframe\n    src=\"https:\/\/www.google.com\/maps?q=Calle+San+Jos%C3%A9+de+Calasanz+11A+Getafe&#038;output=embed\"\n    width=\"100%\"\n    height=\"400\"\n    frameborder=\"0\"\n    style=\"border:0\"\n    allowfullscreen\n    loading=\"lazy\"\n    referrerpolicy=\"no-referrer-when-downgrade\">\n  <\/iframe>\n<\/div>\n\n\n\n<p><\/p>\n<\/div>\n<\/div>\n\n\n\n<div class=\"wp-block-columns container is-layout-flex wp-container-core-columns-is-layout-28f84493 wp-block-columns-is-layout-flex\">\n<div class=\"wp-block-column is-vertically-aligned-center is-layout-flow wp-block-column-is-layout-flow\">\n<h2 class=\"wp-block-heading hestia-title\">Cont\u00e1ctanos <\/h2>\n\n\n\n<h2 class=\"wp-block-heading\">Atendemos solo con cita previa<\/h2>\n\n\n\n<div style=\"height:40px\" aria-hidden=\"true\" class=\"wp-block-spacer\"><\/div>\n<\/div>\n\n\n\n<div class=\"wp-block-column is-vertically-aligned-center is-layout-flow wp-block-column-is-layout-flow\">\n<div class=\"wp-block-columns is-layout-flex wp-container-core-columns-is-layout-28f84493 wp-block-columns-is-layout-flex\">\n<div class=\"wp-block-column is-layout-flow wp-block-column-is-layout-flow\"><\/div>\n\n\n\n<div class=\"wp-block-column is-layout-flow wp-block-column-is-layout-flow\" style=\"flex-basis:50%\">\n<h4 class=\"wp-block-heading has-text-align-left hestia-title has-text-color\" style=\"color:#3c4858;font-size:18px\"><img decoding=\"async\" class=\"wp-image-86\" style=\"width: 25px;\" src=\"https:\/\/mentapsicologia.com\/wp-content\/themes\/hestia\/assets\/img\/contact1.png\" alt=\"Map icon\"> Direcci\u00f3n<\/h4>\n\n\n\n<p class=\"has-text-align-left has-text-color\" style=\"color:#999999;font-size:14px\">Calle San Jos\u00e9 de Calasanz 11. Local A. <br>28902 Getafe<br>Espa\u00f1a <\/p>\n\n\n\n<div style=\"height:40px\" aria-hidden=\"true\" class=\"wp-block-spacer\"><\/div>\n\n\n\n<h4 class=\"wp-block-heading has-text-align-left hestia-title has-text-color\" style=\"color:#3c4858;font-size:18px\"><img decoding=\"async\" class=\"wp-image-98\" style=\"width: 25px;\" src=\"https:\/\/mentapsicologia.com\/wp-content\/themes\/hestia\/assets\/img\/contact2.png\" alt=\"\">  Ll\u00e1manos o WhatsApp <\/h4>\n\n\n\n<p class=\"has-text-align-left has-text-color\" style=\"color:#999999;font-size:14px\"><br>644 58 47 39<br>Lunes &#8211; Viernes, 10:00-20:00<\/p>\n\n\n\n<div style=\"height:40px\" aria-hidden=\"true\" class=\"wp-block-spacer\"><\/div>\n\n\n\n<h4 class=\"wp-block-heading has-text-align-left hestia-title has-text-color\" style=\"color:#3c4858;font-size:18px\"><img decoding=\"async\" class=\"wp-image-105\" style=\"width: 25px;\" src=\"https:\/\/mentapsicologia.com\/wp-content\/themes\/hestia\/assets\/img\/contact3.png\" alt=\"\"><strong>  <\/strong>Email<\/h4>\n\n\n\n<p class=\"has-text-align-left has-text-color\" style=\"color:#999999;font-size:14px\">info@mentapsicologia.com<\/p>\n<\/div>\n\n\n\n<div class=\"wp-block-column is-layout-flow wp-block-column-is-layout-flow\"><\/div>\n<\/div>\n<\/div>\n<\/div>\n\n\n\n<p><\/p>\n","protected":false},"excerpt":{"rendered":"<p>Cont\u00e1ctanos Atendemos solo con cita previa Direcci\u00f3n Calle San Jos\u00e9 de Calasanz 11. Local A. 28902 GetafeEspa\u00f1a Ll\u00e1manos o WhatsApp 644 58 47 39Lunes &#8211; Viernes, 10:00-20:00 Email info@mentapsicologia.com<\/p>\n","protected":false},"author":1,"featured_media":25,"parent":0,"menu_order":0,"comment_status":"closed","ping_status":"closed","template":"page-templates\/template-pagebuilder-full-width.php","meta":{"_joinchat":[],"footnotes":""},"class_list":["post-33","page","type-page","status-publish","has-post-thumbnail","hentry"],"_links":{"self":[{"href":"https:\/\/mentapsicologia.com\/index.php?rest_route=\/wp\/v2\/pages\/33","targetHints":{"allow":["GET"]}}],"collection":[{"href":"https:\/\/mentapsicologia.com\/index.php?rest_route=\/wp\/v2\/pages"}],"about":[{"href":"https:\/\/mentapsicologia.com\/index.php?rest_route=\/wp\/v2\/types\/page"}],"author":[{"embeddable":true,"href":"https:\/\/mentapsicologia.com\/index.php?rest_route=\/wp\/v2\/users\/1"}],"replies":[{"embeddable":true,"href":"https:\/\/mentapsicologia.com\/index.php?rest_route=%2Fwp%2Fv2%2Fcomments&post=33"}],"version-history":[{"count":7,"href":"https:\/\/mentapsicologia.com\/index.php?rest_route=\/wp\/v2\/pages\/33\/revisions"}],"predecessor-version":[{"id":171,"href":"https:\/\/mentapsicologia.com\/index.php?rest_route=\/wp\/v2\/pages\/33\/revisions\/171"}],"wp:featuredmedia":[{"embeddable":true,"href":"https:\/\/mentapsicologia.com\/index.php?rest_route=\/wp\/v2\/media\/25"}],"wp:attachment":[{"href":"https:\/\/mentapsicologia.com\/index.php?rest_route=%2Fwp%2Fv2%2Fmedia&parent=33"}],"curies":[{"name":"wp","href":"https:\/\/api.w.org\/{rel}","templated":true}]}}